{"id":22290,"date":"2022-10-21T15:46:04","date_gmt":"2022-10-21T13:46:04","guid":{"rendered":"https:\/\/www.arenamartinez.com\/?page_id=22290"},"modified":"2024-05-03T16:35:11","modified_gmt":"2024-05-03T14:35:11","slug":"brand-collaboration-diorbeauty","status":"publish","type":"page","link":"https:\/\/www.arenamartinez.com\/en\/brand-collaboration-diorbeauty","title":{"rendered":"Colaboraci\u00f3n Dior Beauty"},"content":{"rendered":"\t\t<div data-elementor-type=\"wp-page\" data-elementor-id=\"22290\" class=\"elementor elementor-22290\" data-elementor-post-type=\"page\">\n\t\t\t\t<div class=\"elementor-element elementor-element-c24fe46 e-flex e-con-boxed e-con e-parent\" data-id=\"c24fe46\" data-element_type=\"container\" data-e-type=\"container\">\n\t\t\t\t\t<div class=\"e-con-inner\">\n\t\t<div class=\"elementor-element elementor-element-15c0abe e-con-full e-flex e-con e-child\" data-id=\"15c0abe\" data-element_type=\"container\" data-e-type=\"container\">\n\t\t\t\t<div class=\"elementor-element elementor-element-f3849a4 elementor-widget elementor-widget-heading\" data-id=\"f3849a4\" data-element_type=\"widget\" data-e-type=\"widget\" data-widget_type=\"heading.default\">\n\t\t\t\t<div class=\"elementor-widget-container\">\n\t\t\t\t\t<h1 class=\"elementor-heading-title elementor-size-large\">EVENT WITH DIOR BEAUTY<\/h1>\t\t\t\t<\/div>\n\t\t\t\t<\/div>\n\t\t\t\t<\/div>\n\t\t\t\t\t<\/div>\n\t\t\t\t<\/div>\n\t\t<div class=\"elementor-element elementor-element-b61b64a e-flex e-con-boxed e-con e-parent\" data-id=\"b61b64a\" data-element_type=\"container\" data-e-type=\"container\" data-settings=\"{&quot;animation&quot;:&quot;none&quot;}\">\n\t\t\t\t\t<div class=\"e-con-inner\">\n\t\t<div class=\"elementor-element elementor-element-59db2a3 e-con-full e-flex e-con e-child\" data-id=\"59db2a3\" data-element_type=\"container\" data-e-type=\"container\">\n\t\t\t\t<div class=\"elementor-element elementor-element-21ccd79 elementor-widget elementor-widget-image\" data-id=\"21ccd79\" data-element_type=\"widget\" data-e-type=\"widget\" data-widget_type=\"image.default\">\n\t\t\t\t<div class=\"elementor-widget-container\">\n\t\t\t\t\t\t\t\t\t\t\t\t\t\t\t<img loading=\"lazy\" decoding=\"async\" width=\"683\" height=\"1024\" src=\"https:\/\/www.arenamartinez.com\/wp-content\/uploads\/2022\/10\/slow-fashion-made-in-spain-arena-martinez-collaboration-dior-beauty-07-683x1024.jpg\" class=\"attachment-large size-large wp-image-22360\" alt=\"\" srcset=\"https:\/\/www.arenamartinez.com\/wp-content\/uploads\/2022\/10\/slow-fashion-made-in-spain-arena-martinez-collaboration-dior-beauty-07-683x1024.jpg 683w, https:\/\/www.arenamartinez.com\/wp-content\/uploads\/2022\/10\/slow-fashion-made-in-spain-arena-martinez-collaboration-dior-beauty-07-800x1200.jpg 800w, https:\/\/www.arenamartinez.com\/wp-content\/uploads\/2022\/10\/slow-fashion-made-in-spain-arena-martinez-collaboration-dior-beauty-07-600x900.jpg 600w, https:\/\/www.arenamartinez.com\/wp-content\/uploads\/2022\/10\/slow-fashion-made-in-spain-arena-martinez-collaboration-dior-beauty-07-200x300.jpg 200w, https:\/\/www.arenamartinez.com\/wp-content\/uploads\/2022\/10\/slow-fashion-made-in-spain-arena-martinez-collaboration-dior-beauty-07-768x1152.jpg 768w, https:\/\/www.arenamartinez.com\/wp-content\/uploads\/2022\/10\/slow-fashion-made-in-spain-arena-martinez-collaboration-dior-beauty-07.jpg 1000w\" sizes=\"auto, (max-width: 683px) 100vw, 683px\" \/>\t\t\t\t\t\t\t\t\t\t\t\t\t\t\t<\/div>\n\t\t\t\t<\/div>\n\t\t\t\t<\/div>\n\t\t<div class=\"elementor-element elementor-element-522b6a5 e-con-full e-flex e-con e-child\" data-id=\"522b6a5\" data-element_type=\"container\" data-e-type=\"container\">\n\t\t\t\t<div class=\"elementor-element elementor-element-a4a3a7a elementor-widget elementor-widget-heading\" data-id=\"a4a3a7a\" data-element_type=\"widget\" data-e-type=\"widget\" data-widget_type=\"heading.default\">\n\t\t\t\t<div class=\"elementor-widget-container\">\n\t\t\t\t\t<h1 class=\"elementor-heading-title elementor-size-default\">About the EVENT<\/h1>\t\t\t\t<\/div>\n\t\t\t\t<\/div>\n\t\t\t\t<div class=\"elementor-element elementor-element-0e9a6ff elementor-widget elementor-widget-text-editor\" data-id=\"0e9a6ff\" data-element_type=\"widget\" data-e-type=\"widget\" data-widget_type=\"text-editor.default\">\n\t\t\t\t<div class=\"elementor-widget-container\">\n\t\t\t\t\t\t\t\t\t<p style=\"text-align: center;\">The Dior Beauty event took place in the Arena Mart\u00ednez showroom. It starred seven influential women in the world of art, cinema and fashion, including Elena Gual, Mercedes Bellido, Leticia Dolera, Bel\u00e9n \u00c9cija, Bego\u00f1a Mart\u00edn, Olivia Baglivi and Ana Cristina Portillo.<br \/>We have the presence of perfumer Daniel Figuero, who met with each of these artists to delve into their lives and find, through their experiences, their ideal perfume.<\/p>\t\t\t\t\t\t\t\t<\/div>\n\t\t\t\t<\/div>\n\t\t\t\t<\/div>\n\t\t\t\t\t<\/div>\n\t\t\t\t<\/div>\n\t\t<div class=\"elementor-element elementor-element-be637a2 e-flex e-con-boxed e-con e-parent\" data-id=\"be637a2\" data-element_type=\"container\" data-e-type=\"container\" data-settings=\"{&quot;animation&quot;:&quot;none&quot;}\">\n\t\t\t\t\t<div class=\"e-con-inner\">\n\t\t<div class=\"elementor-element elementor-element-a5027e2 e-con-full e-flex e-con e-child\" data-id=\"a5027e2\" data-element_type=\"container\" data-e-type=\"container\">\n\t\t\t\t<div class=\"elementor-element elementor-element-00f6f43 elementor-widget elementor-widget-image\" data-id=\"00f6f43\" data-element_type=\"widget\" data-e-type=\"widget\" data-widget_type=\"image.default\">\n\t\t\t\t<div class=\"elementor-widget-container\">\n\t\t\t\t\t\t\t\t\t\t\t\t\t\t\t<img loading=\"lazy\" decoding=\"async\" width=\"683\" height=\"1024\" src=\"https:\/\/www.arenamartinez.com\/wp-content\/uploads\/2022\/10\/slow-fashion-made-in-spain-arena-martinez-collaboration-dior-beauty-01.jpg\" class=\"attachment-large size-large wp-image-22295\" alt=\"\" srcset=\"https:\/\/www.arenamartinez.com\/wp-content\/uploads\/2022\/10\/slow-fashion-made-in-spain-arena-martinez-collaboration-dior-beauty-01.jpg 1000w, https:\/\/www.arenamartinez.com\/wp-content\/uploads\/2022\/10\/slow-fashion-made-in-spain-arena-martinez-collaboration-dior-beauty-01-800x1200.jpg 800w, https:\/\/www.arenamartinez.com\/wp-content\/uploads\/2022\/10\/slow-fashion-made-in-spain-arena-martinez-collaboration-dior-beauty-01-600x900.jpg 600w\" sizes=\"auto, (max-width: 683px) 100vw, 683px\" \/>\t\t\t\t\t\t\t\t\t\t\t\t\t\t\t<\/div>\n\t\t\t\t<\/div>\n\t\t\t\t<\/div>\n\t\t<div class=\"elementor-element elementor-element-423071c e-con-full e-flex e-con e-child\" data-id=\"423071c\" data-element_type=\"container\" data-e-type=\"container\">\n\t\t\t\t<div class=\"elementor-element elementor-element-36c8dce elementor-widget elementor-widget-image\" data-id=\"36c8dce\" data-element_type=\"widget\" data-e-type=\"widget\" data-widget_type=\"image.default\">\n\t\t\t\t<div class=\"elementor-widget-container\">\n\t\t\t\t\t\t\t\t\t\t\t\t\t\t\t<img loading=\"lazy\" decoding=\"async\" width=\"683\" height=\"1024\" src=\"https:\/\/www.arenamartinez.com\/wp-content\/uploads\/2022\/10\/slow-fashion-made-in-spain-arena-martinez-collaboration-dior-beauty-08-683x1024.jpg\" class=\"attachment-large size-large wp-image-22362\" alt=\"\" srcset=\"https:\/\/www.arenamartinez.com\/wp-content\/uploads\/2022\/10\/slow-fashion-made-in-spain-arena-martinez-collaboration-dior-beauty-08-683x1024.jpg 683w, https:\/\/www.arenamartinez.com\/wp-content\/uploads\/2022\/10\/slow-fashion-made-in-spain-arena-martinez-collaboration-dior-beauty-08-800x1200.jpg 800w, https:\/\/www.arenamartinez.com\/wp-content\/uploads\/2022\/10\/slow-fashion-made-in-spain-arena-martinez-collaboration-dior-beauty-08-600x900.jpg 600w, https:\/\/www.arenamartinez.com\/wp-content\/uploads\/2022\/10\/slow-fashion-made-in-spain-arena-martinez-collaboration-dior-beauty-08-200x300.jpg 200w, https:\/\/www.arenamartinez.com\/wp-content\/uploads\/2022\/10\/slow-fashion-made-in-spain-arena-martinez-collaboration-dior-beauty-08-768x1152.jpg 768w, https:\/\/www.arenamartinez.com\/wp-content\/uploads\/2022\/10\/slow-fashion-made-in-spain-arena-martinez-collaboration-dior-beauty-08.jpg 1000w\" sizes=\"auto, (max-width: 683px) 100vw, 683px\" \/>\t\t\t\t\t\t\t\t\t\t\t\t\t\t\t<\/div>\n\t\t\t\t<\/div>\n\t\t\t\t<\/div>\n\t\t<div class=\"elementor-element elementor-element-79fa081 e-con-full e-flex e-con e-child\" data-id=\"79fa081\" data-element_type=\"container\" data-e-type=\"container\">\n\t\t\t\t<div class=\"elementor-element elementor-element-4045881 elementor-widget elementor-widget-image\" data-id=\"4045881\" data-element_type=\"widget\" data-e-type=\"widget\" data-widget_type=\"image.default\">\n\t\t\t\t<div class=\"elementor-widget-container\">\n\t\t\t\t\t\t\t\t\t\t\t\t\t\t\t<img loading=\"lazy\" decoding=\"async\" width=\"683\" height=\"1024\" src=\"https:\/\/www.arenamartinez.com\/wp-content\/uploads\/2022\/10\/slow-fashion-made-in-spain-arena-martinez-collaboration-dior-beauty-06-683x1024.jpg\" class=\"attachment-large size-large wp-image-22358\" alt=\"\" srcset=\"https:\/\/www.arenamartinez.com\/wp-content\/uploads\/2022\/10\/slow-fashion-made-in-spain-arena-martinez-collaboration-dior-beauty-06-683x1024.jpg 683w, https:\/\/www.arenamartinez.com\/wp-content\/uploads\/2022\/10\/slow-fashion-made-in-spain-arena-martinez-collaboration-dior-beauty-06-800x1200.jpg 800w, https:\/\/www.arenamartinez.com\/wp-content\/uploads\/2022\/10\/slow-fashion-made-in-spain-arena-martinez-collaboration-dior-beauty-06-600x900.jpg 600w, https:\/\/www.arenamartinez.com\/wp-content\/uploads\/2022\/10\/slow-fashion-made-in-spain-arena-martinez-collaboration-dior-beauty-06-200x300.jpg 200w, https:\/\/www.arenamartinez.com\/wp-content\/uploads\/2022\/10\/slow-fashion-made-in-spain-arena-martinez-collaboration-dior-beauty-06-768x1152.jpg 768w, https:\/\/www.arenamartinez.com\/wp-content\/uploads\/2022\/10\/slow-fashion-made-in-spain-arena-martinez-collaboration-dior-beauty-06.jpg 1000w\" sizes=\"auto, (max-width: 683px) 100vw, 683px\" \/>\t\t\t\t\t\t\t\t\t\t\t\t\t\t\t<\/div>\n\t\t\t\t<\/div>\n\t\t\t\t<\/div>\n\t\t\t\t\t<\/div>\n\t\t\t\t<\/div>\n\t\t<div class=\"elementor-element elementor-element-a89e7b2 e-flex e-con-boxed e-con e-parent\" data-id=\"a89e7b2\" data-element_type=\"container\" data-e-type=\"container\" data-settings=\"{&quot;animation&quot;:&quot;none&quot;}\">\n\t\t\t\t\t<div class=\"e-con-inner\">\n\t\t<div class=\"elementor-element elementor-element-cf3bca4 e-con-full e-flex e-con e-child\" data-id=\"cf3bca4\" data-element_type=\"container\" data-e-type=\"container\">\n\t\t\t\t<div class=\"elementor-element elementor-element-7a7cb23 elementor-widget elementor-widget-image\" data-id=\"7a7cb23\" data-element_type=\"widget\" data-e-type=\"widget\" data-widget_type=\"image.default\">\n\t\t\t\t<div class=\"elementor-widget-container\">\n\t\t\t\t\t\t\t\t\t\t\t\t\t\t\t<img loading=\"lazy\" decoding=\"async\" width=\"800\" height=\"534\" src=\"https:\/\/www.arenamartinez.com\/wp-content\/uploads\/2022\/10\/slow-fashion-made-in-spain-arena-martinez-collaboration-dior-beauty-09.jpg\" class=\"attachment-large size-large wp-image-22364\" alt=\"\" srcset=\"https:\/\/www.arenamartinez.com\/wp-content\/uploads\/2022\/10\/slow-fashion-made-in-spain-arena-martinez-collaboration-dior-beauty-09.jpg 1000w, https:\/\/www.arenamartinez.com\/wp-content\/uploads\/2022\/10\/slow-fashion-made-in-spain-arena-martinez-collaboration-dior-beauty-09-600x400.jpg 600w, https:\/\/www.arenamartinez.com\/wp-content\/uploads\/2022\/10\/slow-fashion-made-in-spain-arena-martinez-collaboration-dior-beauty-09-300x200.jpg 300w, https:\/\/www.arenamartinez.com\/wp-content\/uploads\/2022\/10\/slow-fashion-made-in-spain-arena-martinez-collaboration-dior-beauty-09-768x512.jpg 768w\" sizes=\"auto, (max-width: 800px) 100vw, 800px\" \/>\t\t\t\t\t\t\t\t\t\t\t\t\t\t\t<\/div>\n\t\t\t\t<\/div>\n\t\t\t\t<\/div>\n\t\t\t\t\t<\/div>\n\t\t\t\t<\/div>\n\t\t<div class=\"elementor-element elementor-element-1c0fbb5 e-flex e-con-boxed e-con e-parent\" data-id=\"1c0fbb5\" data-element_type=\"container\" data-e-type=\"container\" data-settings=\"{&quot;animation&quot;:&quot;none&quot;}\">\n\t\t\t\t\t<div class=\"e-con-inner\">\n\t\t<div class=\"elementor-element elementor-element-995fb1f e-con-full e-flex e-con e-child\" data-id=\"995fb1f\" data-element_type=\"container\" data-e-type=\"container\">\n\t\t\t\t<div class=\"elementor-element elementor-element-c597a48 elementor-widget elementor-widget-image\" data-id=\"c597a48\" data-element_type=\"widget\" data-e-type=\"widget\" data-widget_type=\"image.default\">\n\t\t\t\t<div class=\"elementor-widget-container\">\n\t\t\t\t\t\t\t\t\t\t\t\t\t\t\t<img loading=\"lazy\" decoding=\"async\" width=\"683\" height=\"1024\" src=\"https:\/\/www.arenamartinez.com\/wp-content\/uploads\/2022\/10\/slow-fashion-made-in-spain-arena-martinez-collaboration-dior-beauty-03-683x1024.jpg\" class=\"attachment-large size-large wp-image-22352\" alt=\"\" srcset=\"https:\/\/www.arenamartinez.com\/wp-content\/uploads\/2022\/10\/slow-fashion-made-in-spain-arena-martinez-collaboration-dior-beauty-03-683x1024.jpg 683w, https:\/\/www.arenamartinez.com\/wp-content\/uploads\/2022\/10\/slow-fashion-made-in-spain-arena-martinez-collaboration-dior-beauty-03-800x1200.jpg 800w, https:\/\/www.arenamartinez.com\/wp-content\/uploads\/2022\/10\/slow-fashion-made-in-spain-arena-martinez-collaboration-dior-beauty-03-600x900.jpg 600w, https:\/\/www.arenamartinez.com\/wp-content\/uploads\/2022\/10\/slow-fashion-made-in-spain-arena-martinez-collaboration-dior-beauty-03-200x300.jpg 200w, https:\/\/www.arenamartinez.com\/wp-content\/uploads\/2022\/10\/slow-fashion-made-in-spain-arena-martinez-collaboration-dior-beauty-03-768x1152.jpg 768w, https:\/\/www.arenamartinez.com\/wp-content\/uploads\/2022\/10\/slow-fashion-made-in-spain-arena-martinez-collaboration-dior-beauty-03.jpg 1000w\" sizes=\"auto, (max-width: 683px) 100vw, 683px\" \/>\t\t\t\t\t\t\t\t\t\t\t\t\t\t\t<\/div>\n\t\t\t\t<\/div>\n\t\t\t\t<\/div>\n\t\t<div class=\"elementor-element elementor-element-5139a21 e-con-full e-flex e-con e-child\" data-id=\"5139a21\" data-element_type=\"container\" data-e-type=\"container\">\n\t\t\t\t<div class=\"elementor-element elementor-element-30333b4 elementor-widget elementor-widget-image\" data-id=\"30333b4\" data-element_type=\"widget\" data-e-type=\"widget\" data-widget_type=\"image.default\">\n\t\t\t\t<div class=\"elementor-widget-container\">\n\t\t\t\t\t\t\t\t\t\t\t\t\t\t\t<img loading=\"lazy\" decoding=\"async\" width=\"683\" height=\"1024\" src=\"https:\/\/www.arenamartinez.com\/wp-content\/uploads\/2022\/10\/slow-fashion-made-in-spain-arena-martinez-collaboration-dior-beauty-04-683x1024.jpg\" class=\"attachment-large size-large wp-image-22354\" alt=\"\" srcset=\"https:\/\/www.arenamartinez.com\/wp-content\/uploads\/2022\/10\/slow-fashion-made-in-spain-arena-martinez-collaboration-dior-beauty-04-683x1024.jpg 683w, https:\/\/www.arenamartinez.com\/wp-content\/uploads\/2022\/10\/slow-fashion-made-in-spain-arena-martinez-collaboration-dior-beauty-04-800x1200.jpg 800w, https:\/\/www.arenamartinez.com\/wp-content\/uploads\/2022\/10\/slow-fashion-made-in-spain-arena-martinez-collaboration-dior-beauty-04-600x900.jpg 600w, https:\/\/www.arenamartinez.com\/wp-content\/uploads\/2022\/10\/slow-fashion-made-in-spain-arena-martinez-collaboration-dior-beauty-04-200x300.jpg 200w, https:\/\/www.arenamartinez.com\/wp-content\/uploads\/2022\/10\/slow-fashion-made-in-spain-arena-martinez-collaboration-dior-beauty-04-768x1152.jpg 768w, https:\/\/www.arenamartinez.com\/wp-content\/uploads\/2022\/10\/slow-fashion-made-in-spain-arena-martinez-collaboration-dior-beauty-04.jpg 1000w\" sizes=\"auto, (max-width: 683px) 100vw, 683px\" \/>\t\t\t\t\t\t\t\t\t\t\t\t\t\t\t<\/div>\n\t\t\t\t<\/div>\n\t\t\t\t<\/div>\n\t\t<div class=\"elementor-element elementor-element-18dfd6f e-con-full e-flex e-con e-child\" data-id=\"18dfd6f\" data-element_type=\"container\" data-e-type=\"container\">\n\t\t\t\t<div class=\"elementor-element elementor-element-a5d1791 elementor-widget elementor-widget-image\" data-id=\"a5d1791\" data-element_type=\"widget\" data-e-type=\"widget\" data-widget_type=\"image.default\">\n\t\t\t\t<div class=\"elementor-widget-container\">\n\t\t\t\t\t\t\t\t\t\t\t\t\t\t\t<img loading=\"lazy\" decoding=\"async\" width=\"683\" height=\"1024\" src=\"https:\/\/www.arenamartinez.com\/wp-content\/uploads\/2022\/10\/slow-fashion-made-in-spain-arena-martinez-collaboration-dior-beauty-02-683x1024.jpg\" class=\"attachment-large size-large wp-image-22350\" alt=\"\" srcset=\"https:\/\/www.arenamartinez.com\/wp-content\/uploads\/2022\/10\/slow-fashion-made-in-spain-arena-martinez-collaboration-dior-beauty-02-683x1024.jpg 683w, https:\/\/www.arenamartinez.com\/wp-content\/uploads\/2022\/10\/slow-fashion-made-in-spain-arena-martinez-collaboration-dior-beauty-02-800x1200.jpg 800w, https:\/\/www.arenamartinez.com\/wp-content\/uploads\/2022\/10\/slow-fashion-made-in-spain-arena-martinez-collaboration-dior-beauty-02-600x900.jpg 600w, https:\/\/www.arenamartinez.com\/wp-content\/uploads\/2022\/10\/slow-fashion-made-in-spain-arena-martinez-collaboration-dior-beauty-02-200x300.jpg 200w, https:\/\/www.arenamartinez.com\/wp-content\/uploads\/2022\/10\/slow-fashion-made-in-spain-arena-martinez-collaboration-dior-beauty-02-768x1152.jpg 768w, https:\/\/www.arenamartinez.com\/wp-content\/uploads\/2022\/10\/slow-fashion-made-in-spain-arena-martinez-collaboration-dior-beauty-02.jpg 1000w\" sizes=\"auto, (max-width: 683px) 100vw, 683px\" \/>\t\t\t\t\t\t\t\t\t\t\t\t\t\t\t<\/div>\n\t\t\t\t<\/div>\n\t\t\t\t<\/div>\n\t\t\t\t\t<\/div>\n\t\t\t\t<\/div>\n\t\t\t\t<\/div>\n\t\t","protected":false},"excerpt":{"rendered":"<p>EVENT WITH DIOR BEAUTY About the EVENT The Dior Beauty event took place in the Arena Mart\u00ednez showroom. It starred seven influential women in the world of art, cinema and fashion, including Elena Gual, Mercedes Bellido, Leticia Dolera, Bel\u00e9n \u00c9cija, Bego\u00f1a Mart\u00edn, Olivia Baglivi and Ana Cristina Portillo.We have the presence of perfumer Daniel Figuero, [&hellip;]<\/p>\n","protected":false},"author":2,"featured_media":0,"parent":0,"menu_order":0,"comment_status":"closed","ping_status":"closed","template":"elementor_header_footer","meta":{"footnotes":""},"class_list":["post-22290","page","type-page","status-publish","hentry"],"_links":{"self":[{"href":"https:\/\/www.arenamartinez.com\/en\/wp-json\/wp\/v2\/pages\/22290","targetHints":{"allow":["GET"]}}],"collection":[{"href":"https:\/\/www.arenamartinez.com\/en\/wp-json\/wp\/v2\/pages"}],"about":[{"href":"https:\/\/www.arenamartinez.com\/en\/wp-json\/wp\/v2\/types\/page"}],"author":[{"embeddable":true,"href":"https:\/\/www.arenamartinez.com\/en\/wp-json\/wp\/v2\/users\/2"}],"replies":[{"embeddable":true,"href":"https:\/\/www.arenamartinez.com\/en\/wp-json\/wp\/v2\/comments?post=22290"}],"version-history":[{"count":0,"href":"https:\/\/www.arenamartinez.com\/en\/wp-json\/wp\/v2\/pages\/22290\/revisions"}],"wp:attachment":[{"href":"https:\/\/www.arenamartinez.com\/en\/wp-json\/wp\/v2\/media?parent=22290"}],"curies":[{"name":"wp","href":"https:\/\/api.w.org\/{rel}","templated":true}]}}