{"id":22292,"date":"2022-10-21T15:50:12","date_gmt":"2022-10-21T13:50:12","guid":{"rendered":"https:\/\/www.arenamartinez.com\/?page_id=22292"},"modified":"2024-05-30T10:10:55","modified_gmt":"2024-05-30T08:10:55","slug":"collaborations","status":"publish","type":"page","link":"https:\/\/www.arenamartinez.com\/en\/collaborations","title":{"rendered":"Collaborations Arena Mart\u00ednez"},"content":{"rendered":"\t\t<div data-elementor-type=\"wp-page\" data-elementor-id=\"22292\" class=\"elementor elementor-22292\" data-elementor-post-type=\"page\">\n\t\t\t\t<div class=\"elementor-element elementor-element-6ee873c e-flex e-con-boxed e-con e-parent\" data-id=\"6ee873c\" data-element_type=\"container\" data-e-type=\"container\">\n\t\t\t\t\t<div class=\"e-con-inner\">\n\t\t<div class=\"elementor-element elementor-element-2b6146e e-con-full e-flex e-con e-child\" data-id=\"2b6146e\" data-element_type=\"container\" data-e-type=\"container\">\n\t\t\t\t<div class=\"elementor-element elementor-element-ad287bd elementor-widget elementor-widget-heading\" data-id=\"ad287bd\" data-element_type=\"widget\" data-e-type=\"widget\" data-widget_type=\"heading.default\">\n\t\t\t\t<div class=\"elementor-widget-container\">\n\t\t\t\t\t<h1 class=\"elementor-heading-title elementor-size-large\">COLLABORATIONS<\/h1>\t\t\t\t<\/div>\n\t\t\t\t<\/div>\n\t\t\t\t<div class=\"elementor-element elementor-element-0971530 elementor-widget elementor-widget-text-editor\" data-id=\"0971530\" data-element_type=\"widget\" data-e-type=\"widget\" data-widget_type=\"text-editor.default\">\n\t\t\t\t<div class=\"elementor-widget-container\">\n\t\t\t\t\t\t\t\t\t<p style=\"text-align: center;\">We love collaborating with different worlds and sectors, bringing art to the street is our essence and we are delighted to hear new proposals.<\/p>\t\t\t\t\t\t\t\t<\/div>\n\t\t\t\t<\/div>\n\t\t\t\t<\/div>\n\t\t\t\t\t<\/div>\n\t\t\t\t<\/div>\n\t\t<div class=\"elementor-element elementor-element-40d7b9b e-flex e-con-boxed e-con e-parent\" data-id=\"40d7b9b\" data-element_type=\"container\" data-e-type=\"container\" data-settings=\"{&quot;animation&quot;:&quot;none&quot;}\">\n\t\t\t\t\t<div class=\"e-con-inner\">\n\t\t<div class=\"elementor-element elementor-element-101ef2b e-con-full e-flex e-con e-child\" data-id=\"101ef2b\" data-element_type=\"container\" data-e-type=\"container\">\n\t\t\t\t<div class=\"elementor-element elementor-element-2137f2e elementor-widget elementor-widget-image\" data-id=\"2137f2e\" data-element_type=\"widget\" data-e-type=\"widget\" data-widget_type=\"image.default\">\n\t\t\t\t<div class=\"elementor-widget-container\">\n\t\t\t\t\t\t\t\t\t\t\t\t\t\t\t<img loading=\"lazy\" decoding=\"async\" width=\"800\" height=\"470\" src=\"https:\/\/www.arenamartinez.com\/wp-content\/uploads\/2022\/11\/slow-fashion-made-in-spain-arena-martinez-kmb-collaboration-01.jpg\" class=\"attachment-large size-large wp-image-22742\" alt=\"Slow fashion made in Spain - Arena Mart\u00ednez - KMB Collaboration - 01\" srcset=\"https:\/\/www.arenamartinez.com\/wp-content\/uploads\/2022\/11\/slow-fashion-made-in-spain-arena-martinez-kmb-collaboration-01.jpg 1024w, https:\/\/www.arenamartinez.com\/wp-content\/uploads\/2022\/11\/slow-fashion-made-in-spain-arena-martinez-kmb-collaboration-01-1000x587.jpg 1000w, https:\/\/www.arenamartinez.com\/wp-content\/uploads\/2022\/11\/slow-fashion-made-in-spain-arena-martinez-kmb-collaboration-01-300x176.jpg 300w, https:\/\/www.arenamartinez.com\/wp-content\/uploads\/2022\/11\/slow-fashion-made-in-spain-arena-martinez-kmb-collaboration-01-768x451.jpg 768w\" sizes=\"auto, (max-width: 800px) 100vw, 800px\" \/>\t\t\t\t\t\t\t\t\t\t\t\t\t\t\t<\/div>\n\t\t\t\t<\/div>\n\t\t\t\t<\/div>\n\t\t<div class=\"elementor-element elementor-element-56fcb8c e-con-full e-flex e-con e-child\" data-id=\"56fcb8c\" data-element_type=\"container\" data-e-type=\"container\">\n\t\t\t\t<div class=\"elementor-element elementor-element-5b14605 elementor-widget elementor-widget-heading\" data-id=\"5b14605\" data-element_type=\"widget\" data-e-type=\"widget\" data-widget_type=\"heading.default\">\n\t\t\t\t<div class=\"elementor-widget-container\">\n\t\t\t\t\t<h1 class=\"elementor-heading-title elementor-size-default\">KMB SHOES BY ARENA MARTINEZ<\/h1>\t\t\t\t<\/div>\n\t\t\t\t<\/div>\n\t\t\t\t<div class=\"elementor-element elementor-element-66c0bed elementor-widget elementor-widget-text-editor\" data-id=\"66c0bed\" data-element_type=\"widget\" data-e-type=\"widget\" data-widget_type=\"text-editor.default\">\n\t\t\t\t<div class=\"elementor-widget-container\">\n\t\t\t\t\t\t\t\t\t<p style=\"text-align: center;\">For this collaboration, Arena Mart\u00ednez designed 3 sneakers together with the Spanish shoe brand KMB.<\/p>\t\t\t\t\t\t\t\t<\/div>\n\t\t\t\t<\/div>\n\t\t\t\t<div class=\"elementor-element elementor-element-faf0f98 elementor-align-right idm-boton-hover-no-under  elementor-widget elementor-widget-button\" data-id=\"faf0f98\" data-element_type=\"widget\" data-e-type=\"widget\" data-widget_type=\"button.default\">\n\t\t\t\t<div class=\"elementor-widget-container\">\n\t\t\t\t\t\t\t\t\t<div class=\"elementor-button-wrapper\">\n\t\t\t\t\t<a class=\"elementor-button elementor-button-link elementor-size-sm\" href=\"https:\/\/www.arenamartinez.com\/en\/brand-collaboration-kmb\">\n\t\t\t\t\t\t<span class=\"elementor-button-content-wrapper\">\n\t\t\t\t\t\t\t\t\t<span class=\"elementor-button-text\">see more<\/span>\n\t\t\t\t\t<\/span>\n\t\t\t\t\t<\/a>\n\t\t\t\t<\/div>\n\t\t\t\t\t\t\t\t<\/div>\n\t\t\t\t<\/div>\n\t\t\t\t<\/div>\n\t\t\t\t\t<\/div>\n\t\t\t\t<\/div>\n\t\t<div class=\"elementor-element elementor-element-c7ce50b e-flex e-con-boxed e-con e-parent\" data-id=\"c7ce50b\" data-element_type=\"container\" data-e-type=\"container\" data-settings=\"{&quot;animation&quot;:&quot;none&quot;}\">\n\t\t\t\t\t<div class=\"e-con-inner\">\n\t\t<div class=\"elementor-element elementor-element-03c9f87 e-con-full e-flex e-con e-child\" data-id=\"03c9f87\" data-element_type=\"container\" data-e-type=\"container\">\n\t\t\t\t<div class=\"elementor-element elementor-element-162a11a elementor-widget elementor-widget-image\" data-id=\"162a11a\" data-element_type=\"widget\" data-e-type=\"widget\" data-widget_type=\"image.default\">\n\t\t\t\t<div class=\"elementor-widget-container\">\n\t\t\t\t\t\t\t\t\t\t\t\t\t\t\t<img loading=\"lazy\" decoding=\"async\" width=\"800\" height=\"534\" src=\"https:\/\/www.arenamartinez.com\/wp-content\/uploads\/2022\/10\/slow-fashion-made-in-spain-arena-martinez-collaboration-dior-beauty-09.jpg\" class=\"attachment-large size-large wp-image-22364\" alt=\"\" srcset=\"https:\/\/www.arenamartinez.com\/wp-content\/uploads\/2022\/10\/slow-fashion-made-in-spain-arena-martinez-collaboration-dior-beauty-09.jpg 1000w, https:\/\/www.arenamartinez.com\/wp-content\/uploads\/2022\/10\/slow-fashion-made-in-spain-arena-martinez-collaboration-dior-beauty-09-600x400.jpg 600w, https:\/\/www.arenamartinez.com\/wp-content\/uploads\/2022\/10\/slow-fashion-made-in-spain-arena-martinez-collaboration-dior-beauty-09-300x200.jpg 300w, https:\/\/www.arenamartinez.com\/wp-content\/uploads\/2022\/10\/slow-fashion-made-in-spain-arena-martinez-collaboration-dior-beauty-09-768x512.jpg 768w\" sizes=\"auto, (max-width: 800px) 100vw, 800px\" \/>\t\t\t\t\t\t\t\t\t\t\t\t\t\t\t<\/div>\n\t\t\t\t<\/div>\n\t\t\t\t<\/div>\n\t\t<div class=\"elementor-element elementor-element-63507ee e-con-full e-flex e-con e-child\" data-id=\"63507ee\" data-element_type=\"container\" data-e-type=\"container\">\n\t\t\t\t<div class=\"elementor-element elementor-element-a37a67a elementor-widget elementor-widget-heading\" data-id=\"a37a67a\" data-element_type=\"widget\" data-e-type=\"widget\" data-widget_type=\"heading.default\">\n\t\t\t\t<div class=\"elementor-widget-container\">\n\t\t\t\t\t<h1 class=\"elementor-heading-title elementor-size-default\">DIOR BEAUTY<\/h1>\t\t\t\t<\/div>\n\t\t\t\t<\/div>\n\t\t\t\t<div class=\"elementor-element elementor-element-5432452 elementor-widget elementor-widget-text-editor\" data-id=\"5432452\" data-element_type=\"widget\" data-e-type=\"widget\" data-widget_type=\"text-editor.default\">\n\t\t\t\t<div class=\"elementor-widget-container\">\n\t\t\t\t\t\t\t\t\t<p style=\"text-align: center;\">An event organized by Dior Beauty and Arena Mart\u00ednez. It starring seven influential women in the world of art, cinema and fashion, including Elena Gual, Mercedes Bellido, Leticia Dolera, Bel\u00e9n \u00c9cija, Bego\u00f1a Mart\u00edn, Olivia Baglivi and Ana Cristina Portillo.<\/p>\t\t\t\t\t\t\t\t<\/div>\n\t\t\t\t<\/div>\n\t\t\t\t<div class=\"elementor-element elementor-element-977a12c elementor-align-right idm-boton-hover-no-under  elementor-widget elementor-widget-button\" data-id=\"977a12c\" data-element_type=\"widget\" data-e-type=\"widget\" data-widget_type=\"button.default\">\n\t\t\t\t<div class=\"elementor-widget-container\">\n\t\t\t\t\t\t\t\t\t<div class=\"elementor-button-wrapper\">\n\t\t\t\t\t<a class=\"elementor-button elementor-button-link elementor-size-sm\" href=\"https:\/\/www.arenamartinez.com\/en\/brand-collaboration-diorbeauty\">\n\t\t\t\t\t\t<span class=\"elementor-button-content-wrapper\">\n\t\t\t\t\t\t\t\t\t<span class=\"elementor-button-text\">see more<\/span>\n\t\t\t\t\t<\/span>\n\t\t\t\t\t<\/a>\n\t\t\t\t<\/div>\n\t\t\t\t\t\t\t\t<\/div>\n\t\t\t\t<\/div>\n\t\t\t\t<\/div>\n\t\t\t\t\t<\/div>\n\t\t\t\t<\/div>\n\t\t<div class=\"elementor-element elementor-element-394dd9f e-flex e-con-boxed e-con e-parent\" data-id=\"394dd9f\" data-element_type=\"container\" data-e-type=\"container\" data-settings=\"{&quot;animation&quot;:&quot;none&quot;}\">\n\t\t\t\t\t<div class=\"e-con-inner\">\n\t\t<div class=\"elementor-element elementor-element-2bbccb0 e-con-full e-flex e-con e-child\" data-id=\"2bbccb0\" data-element_type=\"container\" data-e-type=\"container\">\n\t\t\t\t<div class=\"elementor-element elementor-element-90b0190 elementor-widget elementor-widget-image\" data-id=\"90b0190\" data-element_type=\"widget\" data-e-type=\"widget\" data-widget_type=\"image.default\">\n\t\t\t\t<div class=\"elementor-widget-container\">\n\t\t\t\t\t\t\t\t\t\t\t\t\t\t\t<img loading=\"lazy\" decoding=\"async\" width=\"726\" height=\"1024\" src=\"https:\/\/www.arenamartinez.com\/wp-content\/uploads\/2022\/11\/slow-fashion-made-in-spain-arena-martinez-collaboration-toyota-yaris-cross-01.jpg\" class=\"attachment-large size-large wp-image-22744\" alt=\"Slow fashion made in Spain - Arena Mart\u00ednez - Collaboration - Toyota Yaris Cross - 01\" srcset=\"https:\/\/www.arenamartinez.com\/wp-content\/uploads\/2022\/11\/slow-fashion-made-in-spain-arena-martinez-collaboration-toyota-yaris-cross-01.jpg 726w, https:\/\/www.arenamartinez.com\/wp-content\/uploads\/2022\/11\/slow-fashion-made-in-spain-arena-martinez-collaboration-toyota-yaris-cross-01-600x846.jpg 600w, https:\/\/www.arenamartinez.com\/wp-content\/uploads\/2022\/11\/slow-fashion-made-in-spain-arena-martinez-collaboration-toyota-yaris-cross-01-213x300.jpg 213w\" sizes=\"auto, (max-width: 726px) 100vw, 726px\" \/>\t\t\t\t\t\t\t\t\t\t\t\t\t\t\t<\/div>\n\t\t\t\t<\/div>\n\t\t\t\t<\/div>\n\t\t<div class=\"elementor-element elementor-element-93d8f25 e-con-full e-flex e-con e-child\" data-id=\"93d8f25\" data-element_type=\"container\" data-e-type=\"container\">\n\t\t\t\t<div class=\"elementor-element elementor-element-4b47ba9 elementor-widget elementor-widget-heading\" data-id=\"4b47ba9\" data-element_type=\"widget\" data-e-type=\"widget\" data-widget_type=\"heading.default\">\n\t\t\t\t<div class=\"elementor-widget-container\">\n\t\t\t\t\t<h1 class=\"elementor-heading-title elementor-size-default\">TOYOTA BY ARENA MARTINEZ<\/h1>\t\t\t\t<\/div>\n\t\t\t\t<\/div>\n\t\t\t\t<div class=\"elementor-element elementor-element-7daf194 elementor-widget elementor-widget-text-editor\" data-id=\"7daf194\" data-element_type=\"widget\" data-e-type=\"widget\" data-widget_type=\"text-editor.default\">\n\t\t\t\t<div class=\"elementor-widget-container\">\n\t\t\t\t\t\t\t\t\t<p style=\"text-align: center;\">An exceptional collaboration made by Toyota Spain. The project was based on the customization of the new Yaris Cross.<\/p>\t\t\t\t\t\t\t\t<\/div>\n\t\t\t\t<\/div>\n\t\t\t\t<div class=\"elementor-element elementor-element-1a73da5 elementor-align-right idm-boton-hover-no-under  elementor-widget elementor-widget-button\" data-id=\"1a73da5\" data-element_type=\"widget\" data-e-type=\"widget\" data-widget_type=\"button.default\">\n\t\t\t\t<div class=\"elementor-widget-container\">\n\t\t\t\t\t\t\t\t\t<div class=\"elementor-button-wrapper\">\n\t\t\t\t\t<a class=\"elementor-button elementor-button-link elementor-size-sm\" href=\"https:\/\/www.arenamartinez.com\/en\/brand-collaboration-toyota\">\n\t\t\t\t\t\t<span class=\"elementor-button-content-wrapper\">\n\t\t\t\t\t\t\t\t\t<span class=\"elementor-button-text\">see more<\/span>\n\t\t\t\t\t<\/span>\n\t\t\t\t\t<\/a>\n\t\t\t\t<\/div>\n\t\t\t\t\t\t\t\t<\/div>\n\t\t\t\t<\/div>\n\t\t\t\t<\/div>\n\t\t\t\t\t<\/div>\n\t\t\t\t<\/div>\n\t\t<div class=\"elementor-element elementor-element-56a52a6 e-flex e-con-boxed e-con e-parent\" data-id=\"56a52a6\" data-element_type=\"container\" data-e-type=\"container\" data-settings=\"{&quot;animation&quot;:&quot;none&quot;}\">\n\t\t\t\t\t<div class=\"e-con-inner\">\n\t\t<div class=\"elementor-element elementor-element-50265a3 e-con-full e-flex e-con e-child\" data-id=\"50265a3\" data-element_type=\"container\" data-e-type=\"container\">\n\t\t\t\t<div class=\"elementor-element elementor-element-84c86d0 elementor-widget elementor-widget-image\" data-id=\"84c86d0\" data-element_type=\"widget\" data-e-type=\"widget\" data-widget_type=\"image.default\">\n\t\t\t\t<div class=\"elementor-widget-container\">\n\t\t\t\t\t\t\t\t\t\t\t\t\t\t\t<img loading=\"lazy\" decoding=\"async\" width=\"660\" height=\"440\" src=\"https:\/\/www.arenamartinez.com\/wp-content\/uploads\/2022\/10\/slow-fashion-made-in-spain-arena-martinez-collaboration-kausifans-01.jpg\" class=\"attachment-large size-large wp-image-22261\" alt=\"\" srcset=\"https:\/\/www.arenamartinez.com\/wp-content\/uploads\/2022\/10\/slow-fashion-made-in-spain-arena-martinez-collaboration-kausifans-01.jpg 660w, https:\/\/www.arenamartinez.com\/wp-content\/uploads\/2022\/10\/slow-fashion-made-in-spain-arena-martinez-collaboration-kausifans-01-600x400.jpg 600w, https:\/\/www.arenamartinez.com\/wp-content\/uploads\/2022\/10\/slow-fashion-made-in-spain-arena-martinez-collaboration-kausifans-01-300x200.jpg 300w\" sizes=\"auto, (max-width: 660px) 100vw, 660px\" \/>\t\t\t\t\t\t\t\t\t\t\t\t\t\t\t<\/div>\n\t\t\t\t<\/div>\n\t\t\t\t<\/div>\n\t\t<div class=\"elementor-element elementor-element-e70ad86 e-con-full e-flex e-con e-child\" data-id=\"e70ad86\" data-element_type=\"container\" data-e-type=\"container\">\n\t\t\t\t<div class=\"elementor-element elementor-element-40e16a4 elementor-widget elementor-widget-heading\" data-id=\"40e16a4\" data-element_type=\"widget\" data-e-type=\"widget\" data-widget_type=\"heading.default\">\n\t\t\t\t<div class=\"elementor-widget-container\">\n\t\t\t\t\t<h1 class=\"elementor-heading-title elementor-size-default\">KAUSI FANS BY ARENA MARTINEZ<\/h1>\t\t\t\t<\/div>\n\t\t\t\t<\/div>\n\t\t\t\t<div class=\"elementor-element elementor-element-91fc166 elementor-widget elementor-widget-text-editor\" data-id=\"91fc166\" data-element_type=\"widget\" data-e-type=\"widget\" data-widget_type=\"text-editor.default\">\n\t\t\t\t<div class=\"elementor-widget-container\">\n\t\t\t\t\t\t\t\t\t<p style=\"text-align: center;\">A collaboration carried out together with the renowned brand KausiFans, where three fans and two masks were designed.<\/p>\t\t\t\t\t\t\t\t<\/div>\n\t\t\t\t<\/div>\n\t\t\t\t<div class=\"elementor-element elementor-element-4ec76f3 elementor-align-right idm-boton-hover-no-under  elementor-widget elementor-widget-button\" data-id=\"4ec76f3\" data-element_type=\"widget\" data-e-type=\"widget\" data-widget_type=\"button.default\">\n\t\t\t\t<div class=\"elementor-widget-container\">\n\t\t\t\t\t\t\t\t\t<div class=\"elementor-button-wrapper\">\n\t\t\t\t\t<a class=\"elementor-button elementor-button-link elementor-size-sm\" href=\"https:\/\/www.arenamartinez.com\/en\/brand-collaboration-kausifans\">\n\t\t\t\t\t\t<span class=\"elementor-button-content-wrapper\">\n\t\t\t\t\t\t\t\t\t<span class=\"elementor-button-text\">see more<\/span>\n\t\t\t\t\t<\/span>\n\t\t\t\t\t<\/a>\n\t\t\t\t<\/div>\n\t\t\t\t\t\t\t\t<\/div>\n\t\t\t\t<\/div>\n\t\t\t\t<\/div>\n\t\t\t\t\t<\/div>\n\t\t\t\t<\/div>\n\t\t<div class=\"elementor-element elementor-element-fd85004 e-flex e-con-boxed e-con e-parent\" data-id=\"fd85004\" data-element_type=\"container\" data-e-type=\"container\">\n\t\t\t\t\t<div class=\"e-con-inner\">\n\t\t<div class=\"elementor-element elementor-element-c0eb82e e-con-full e-flex e-con e-child\" data-id=\"c0eb82e\" data-element_type=\"container\" data-e-type=\"container\">\n\t\t\t\t<div class=\"elementor-element elementor-element-e75e87b elementor-widget elementor-widget-text-editor\" data-id=\"e75e87b\" data-element_type=\"widget\" data-e-type=\"widget\" data-widget_type=\"text-editor.default\">\n\t\t\t\t<div class=\"elementor-widget-container\">\n\t\t\t\t\t\t\t\t\t<p style=\"text-align: center;\">If you are interested in making a collaboration proposal with Arena Mart\u00ednez, you can contact us by <a href=\"https:\/\/www.arenamartinez.com\/en\/contact-us\">clicking here<\/a>.<\/p>\t\t\t\t\t\t\t\t<\/div>\n\t\t\t\t<\/div>\n\t\t\t\t<\/div>\n\t\t\t\t\t<\/div>\n\t\t\t\t<\/div>\n\t\t\t\t<\/div>\n\t\t","protected":false},"excerpt":{"rendered":"<p>COLLABORATIONS We love collaborating with different worlds and sectors, bringing art to the street is our essence and we are delighted to hear new proposals. KMB SHOES BY ARENA MARTINEZ For this collaboration, Arena Mart\u00ednez designed 3 sneakers together with the Spanish shoe brand KMB. see more DIOR BEAUTY An event organized by Dior Beauty [&hellip;]<\/p>\n","protected":false},"author":2,"featured_media":0,"parent":0,"menu_order":0,"comment_status":"closed","ping_status":"closed","template":"elementor_header_footer","meta":{"footnotes":""},"class_list":["post-22292","page","type-page","status-publish","hentry"],"_links":{"self":[{"href":"https:\/\/www.arenamartinez.com\/en\/wp-json\/wp\/v2\/pages\/22292","targetHints":{"allow":["GET"]}}],"collection":[{"href":"https:\/\/www.arenamartinez.com\/en\/wp-json\/wp\/v2\/pages"}],"about":[{"href":"https:\/\/www.arenamartinez.com\/en\/wp-json\/wp\/v2\/types\/page"}],"author":[{"embeddable":true,"href":"https:\/\/www.arenamartinez.com\/en\/wp-json\/wp\/v2\/users\/2"}],"replies":[{"embeddable":true,"href":"https:\/\/www.arenamartinez.com\/en\/wp-json\/wp\/v2\/comments?post=22292"}],"version-history":[{"count":0,"href":"https:\/\/www.arenamartinez.com\/en\/wp-json\/wp\/v2\/pages\/22292\/revisions"}],"wp:attachment":[{"href":"https:\/\/www.arenamartinez.com\/en\/wp-json\/wp\/v2\/media?parent=22292"}],"curies":[{"name":"wp","href":"https:\/\/api.w.org\/{rel}","templated":true}]}}