{"id":26806,"date":"2024-04-29T16:03:34","date_gmt":"2024-04-29T14:03:34","guid":{"rendered":"https:\/\/www.arenamartinez.com\/0-politica-de-envios-cual-valia"},"modified":"2024-05-18T01:03:37","modified_gmt":"2024-05-17T23:03:37","slug":"0-politica-de-envios-cual-valia","status":"publish","type":"page","link":"https:\/\/www.arenamartinez.com\/en\/0-politica-de-envios-cual-valia","title":{"rendered":"0 &#8211; pol\u00edtica de env\u00edos &#8211; cual val\u00eda?"},"content":{"rendered":"\n<p>ESTO ES LO QUE HAB\u00cdA EN ESPA\u00d1OL<\/p>\n\n<h1 class=\"wp-block-heading\">POL\u00cdTICA DE ENV\u00cdOS Y DEVOLUCIONES<\/h1>\n\n<p>\u00bfC\u00f3mo devuelvo un art\u00edculo?<\/p>\n\n<p>Si no est\u00e1 satisfecho con su compra por cualquier motivo, tiene 14 d\u00edas a partir de la fecha de recepci\u00f3n para devolv\u00e9rnosla. Simplemente empaquete sus art\u00edculos con el formulario de devoluci\u00f3n y env\u00edenoslo a trav\u00e9s de cualquier proveedor de servicios de mensajer\u00eda fiable. Para nuestra pol\u00edtica de devoluciones, p\u00f3ngase en contacto con info@arenamartinez.com.<\/p>\n\n<p>Las devoluciones deben enviarse a: ARENA MARTINEZ Oficina, C\u2013 Libertad 22, 28004, Madrid, Espa\u00f1a.<\/p>\n\n<p>Informaci\u00f3n de aduanas<\/p>\n\n<p>Los pedidos se recibir\u00e1n en un plazo de 5 a 7 d\u00edas h\u00e1biles a partir del d\u00eda del pedido. Una vez que se haya autorizado y verificado el pago, se proceder\u00e1 al env\u00edo de los\u00a0art\u00edculos.<\/p>\n\n<p>Tenga en cuenta: Los d\u00edas de env\u00edo y los derechos de aduana pueden variar de un pa\u00eds a otro. Por favor, tenga en cuenta que el IVA est\u00e1 incluido.<\/p>\n\n<p>\u00bfA qu\u00e9 pa\u00edses envi\u00e1is?<\/p>\n\n<p>Enviamos a todo el mundo.<\/p>\n\n<p>Espa\u00f1a- 10,00 Euros<\/p>\n\n<p>Espa\u00f1a no peninsular- 20,00 Euros<\/p>\n\n<p>Europa- 50,00 Euros<\/p>\n\n<p>Internacional- 75,00 Euros<\/p>\n\n<p>\u00bfOfrecen entrega el mismo d\u00eda?<\/p>\n\n<p>Si vive en MADRID, podremos enviarle los pedidos el mismo d\u00eda. P\u00f3ngase en contacto con info@arenamartinez.com<\/p>\n\n<p>Devoluciones completas y reembolsos<\/p>\n\n<p>Si no est\u00e1 completamente satisfecho con su compra, simplemente devuelva el art\u00edculo no utilizado en su empaque original en las mismas condiciones dentro de los 14 d\u00edas y le proporcionaremos un reembolso completo. Arena Mart\u00ednez no aceptar\u00e1 devoluciones con ning\u00fan signo de desgaste. No aceptamos devoluciones de art\u00edculos que se hayan comprado hace m\u00e1s de 14 d\u00edas.<\/p>\n\n<p>Cualquier art\u00edculo devuelto despu\u00e9s de 14 d\u00edas no ser\u00e1 reembolsado.<\/p>\n\n<p>ESTO ES LO QUE HAB\u00cdA ENINGL\u00c9S<\/p>\n\n<h1 class=\"wp-block-heading\">SHIPPING AND RETURNS POLICY<\/h1>\n\n<p><strong>How do I return an item?<\/strong><\/p>\n\n<p>If you are not satisfied with your purchase for any reason you have 14 days from the date of receipt to send it back to us. Just package your items with the returns form, and get it touch with us so we can book the pick up at your adress.<\/p>\n\n<p>The item has to be in its original packaging in the same condition and we will provide you with a full refund. Arena Martinez will not<br\/>accept return items with any signs of wear.<\/p>\n\n<p>Facial Masks can\u00b4t be return due to health security issues.<\/p>\n\n<p><strong>Any item(s) returned after 14 days will not be refunded.<\/strong><\/p>\n\n<p><strong>Customs Info<\/strong><\/p>\n\n<p>Orders will be received within 5-7 working days from the day of the order. Once payment is authorized and verified, the item(s) will be sent out.<\/p>\n\n<p>Please note: Shipping days and custom duties may vary\u00a0from country to country. Please keep in mind that VAT is included.<\/p>\n\n<p><strong>Which countries do you ship to?<\/strong><\/p>\n\n<p>We ship worldwide.<\/p>\n\n<p>Spain- 10,00 Euros<\/p>\n\n<p>Spain not peninsula- 20,00 Euros<\/p>\n\n<p>Europe- 50,00 Euros<\/p>\n\n<p>International- 75,00 Euros<\/p>\n\n<p><strong>Do you offer same day delivery?<\/strong><\/p>\n\n<p>If you live in MADRID we may be able to get orders out to you on the same day. Please contact info@arenamartinez.com<\/p>\n","protected":false},"excerpt":{"rendered":"<p>ESTO ES LO QUE HAB\u00cdA EN ESPA\u00d1OL POL\u00cdTICA DE ENV\u00cdOS Y DEVOLUCIONES \u00bfC\u00f3mo devuelvo un art\u00edculo? Si no est\u00e1 satisfecho con su compra por cualquier motivo, tiene 14 d\u00edas a partir de la fecha de recepci\u00f3n para devolv\u00e9rnosla. Simplemente empaquete sus art\u00edculos con el formulario de devoluci\u00f3n y env\u00edenoslo a trav\u00e9s de cualquier proveedor de [&hellip;]<\/p>\n","protected":false},"author":2,"featured_media":0,"parent":0,"menu_order":0,"comment_status":"closed","ping_status":"closed","template":"","meta":{"footnotes":""},"class_list":["post-26806","page","type-page","status-publish","hentry"],"_links":{"self":[{"href":"https:\/\/www.arenamartinez.com\/en\/wp-json\/wp\/v2\/pages\/26806","targetHints":{"allow":["GET"]}}],"collection":[{"href":"https:\/\/www.arenamartinez.com\/en\/wp-json\/wp\/v2\/pages"}],"about":[{"href":"https:\/\/www.arenamartinez.com\/en\/wp-json\/wp\/v2\/types\/page"}],"author":[{"embeddable":true,"href":"https:\/\/www.arenamartinez.com\/en\/wp-json\/wp\/v2\/users\/2"}],"replies":[{"embeddable":true,"href":"https:\/\/www.arenamartinez.com\/en\/wp-json\/wp\/v2\/comments?post=26806"}],"version-history":[{"count":0,"href":"https:\/\/www.arenamartinez.com\/en\/wp-json\/wp\/v2\/pages\/26806\/revisions"}],"wp:attachment":[{"href":"https:\/\/www.arenamartinez.com\/en\/wp-json\/wp\/v2\/media?parent=26806"}],"curies":[{"name":"wp","href":"https:\/\/api.w.org\/{rel}","templated":true}]}}